{"id":700,"date":"2024-02-01T10:51:26","date_gmt":"2024-02-01T09:51:26","guid":{"rendered":"https:\/\/data2resilience.de\/?page_id=700"},"modified":"2025-05-08T10:34:50","modified_gmt":"2025-05-08T08:34:50","slug":"datenschutz","status":"publish","type":"page","link":"https:\/\/data2resilience.de\/?page_id=700","title":{"rendered":"Datenschutzerkl\u00e4rung"},"content":{"rendered":"\t\t<div data-elementor-type=\"wp-page\" data-elementor-id=\"700\" class=\"elementor elementor-700\">\n\t\t\t\t\t\t<section class=\"elementor-section elementor-top-section elementor-element elementor-element-def15b3 elementor-section-height-min-height elementor-section-boxed elementor-section-height-default elementor-section-items-middle\" data-id=\"def15b3\" data-element_type=\"section\" data-e-type=\"section\" data-settings=\"{&quot;background_background&quot;:&quot;classic&quot;}\">\n\t\t\t\t\t\t\t<div class=\"elementor-background-overlay\"><\/div>\n\t\t\t\t\t\t\t<div class=\"elementor-container elementor-column-gap-default\">\n\t\t\t\t\t<div class=\"elementor-column elementor-col-100 elementor-top-column elementor-element elementor-element-1969806\" data-id=\"1969806\" data-element_type=\"column\" data-e-type=\"column\">\n\t\t\t<div class=\"elementor-widget-wrap elementor-element-populated\">\n\t\t\t\t\t\t<div class=\"elementor-element elementor-element-58ed193 elementor-widget elementor-widget-heading\" data-id=\"58ed193\" data-element_type=\"widget\" data-e-type=\"widget\" data-widget_type=\"heading.default\">\n\t\t\t\t<div class=\"elementor-widget-container\">\n\t\t\t\t\t<h5 class=\"elementor-heading-title elementor-size-default\">Data2resilience<\/h5>\t\t\t\t<\/div>\n\t\t\t\t<\/div>\n\t\t\t\t<div class=\"elementor-element elementor-element-8c65339 elementor-widget elementor-widget-heading\" data-id=\"8c65339\" data-element_type=\"widget\" data-e-type=\"widget\" data-widget_type=\"heading.default\">\n\t\t\t\t<div class=\"elementor-widget-container\">\n\t\t\t\t\t<h1 class=\"elementor-heading-title elementor-size-default\">Datenschutzerkl\u00e4rung<\/h1>\t\t\t\t<\/div>\n\t\t\t\t<\/div>\n\t\t\t\t\t<\/div>\n\t\t<\/div>\n\t\t\t\t\t<\/div>\n\t\t<\/section>\n\t\t<div class=\"elementor-element elementor-element-3c93671 e-flex e-con-boxed e-con e-parent\" data-id=\"3c93671\" data-element_type=\"container\" data-e-type=\"container\">\n\t\t\t\t\t<div class=\"e-con-inner\">\n\t\t\t\t<div class=\"elementor-element elementor-element-7f4a3dd elementor-widget elementor-widget-text-editor\" data-id=\"7f4a3dd\" data-element_type=\"widget\" data-e-type=\"widget\" data-widget_type=\"text-editor.default\">\n\t\t\t\t<div class=\"elementor-widget-container\">\n\t\t\t\t\t\t\t\t\t<p>Im Folgenden informieren wir \u00fcber die Verarbeitung personenbezogener Daten bei Nutzung der Webseite www.data2resilience.de. Personenbezogene Daten sind alle Daten, die auf Sie pers\u00f6nlich bezogen werden k\u00f6nnen. Auf anderen Seiten der Ruhr-Universit\u00e4t Bochum k\u00f6nnen andere Bedingungen gelten. Der Verantwortliche im Sinne der Datenschutz-Grundverordnung und dem Landesdatenschutzgesetz NRW ist die Ruhr-Universit\u00e4t Bochum, Universit\u00e4tsstr. 150, 44780 Bochum<\/p><p>Ausf\u00fchrend: Geographisches Institut,<br \/>Kontaktinfos DSB<br \/>Datenschutzbeauftragter der Ruhr-Universit\u00e4t Bochum<br \/>Dr. Kai-Uwe Loser<br \/>dsb@rub.de<\/p><p><strong>Beschreibung und Umfang der Datenverarbeitung<\/strong><\/p><p>Bei jedem Aufruf unserer Internetseite sind f\u00fcr die Bereitstellung der Informationen Daten \u00fcber den aufrufenden Rechner erforderlich (erforderlich f\u00fcr die Bereitstellung der Informationen, Rechtsgrundlage Art. 6 Abs. 1, Buchst. e). Folgende Daten werden hierbei verarbeitet:<\/p><ul><li>Informationen \u00fcber den Browsertyp und die verwendete Version<\/li><li>Das Betriebssystem des Nutzers<\/li><li>Die IP-Adresse des Nutzers, die unmittelbar nach Abschluss der Bereitstellung der Informationen durch K\u00fcrzung anonymisiert wird.<\/li><li>Datum und Uhrzeit des Zugriffs<\/li><li>Websites, von denen das System des Nutzers auf unsere Internetseite gelangt<\/li><\/ul><p>Die anonymisierten Daten werden ebenfalls in den Logfiles unseres Systems gespeichert. Eine Speicherung dieser Daten zusammen mit anderen personenbezogenen Daten des Nutzers findet nicht statt.<br \/>Die Verarbeitung der Daten ist zur Bereitstellung der Website und f\u00fcr den Betrieb der Internetseite zwingend erforderlich. Es besteht daher seitens des Nutzers keine Widerspruchsm\u00f6glichkeit.<\/p><p><strong> Verwendung von Cookies<\/strong><\/p><p>Unsere Webseite verwendet Cookies. Bei Cookies handelt es sich um Dateien, die im Internetbrowser bzw. vom Internetbrowser auf dem aufrufenden System gespeichert werden. Wir setzen Cookies ein, um die Spracheinstellung des Nutzers zu erhalten. Auf unseren Webseiten, werden keine identifizierenden Cookies eingesetzt.<\/p><p><strong>E-Mail-Kontakt<\/strong><\/p><p>Bei der Kontaktaufnahme mit uns per Email werden die von Ihnen mitgeteilten Daten (Email-Adresse, weitere von Ihnen gemachte Angaben) von uns verarbeitet und gespeichert, um ihre Fragen zu beantworten. Akten dieser Art werden an der Ruhr-Universit\u00e4t Bochum 5 Jahre aufbewahrt (erforderlich zur Erf\u00fcllung der Aufgabe, Aufbewahrungsfrist gem\u00e4\u00df Richtlinie der Ruhr-Universit\u00e4t, Rechtsgrundlage Art. 6 Abs. 1, Buchst. e).<\/p><p><strong>Ihre Rechte als betroffene Person<\/strong><\/p><p>Werden personenbezogene Daten von Ihnen verarbeitet, sind Sie Betroffener i.S.d. DSGVO und es stehen Ihnen folgende Rechte gegen\u00fcber dem Verantwortlichen zu:<br \/>Sie k\u00f6nnen eine Best\u00e4tigung dar\u00fcber verlangen, ob personenbezogene Daten, die Sie betreffen, verarbeitet werden. Falls eine solche Verarbeitung vorliegt k\u00f6nnen Sie Auskunft \u00fcber den Zweck, die Daten, die Herkunft der Daten, Empf\u00e4nger von Daten (inkl. internationaler Weitergaben) sowie Dauer der Speicherung erhalten.<\/p><p>Sie haben ein Recht auf Berichtigung der Daten, falls diese unrichtig oder unvollst\u00e4ndig sind. Unter verschiedenen Voraussetzungen haben Sie das Recht die Daten L\u00f6schen zu lassen oder die Verarbeitung einzuschr\u00e4nken. Insbesondere Daten, die Sie freiwillig angegeben haben m\u00fcssen gel\u00f6scht werden, wenn Sie ihre Einwilligung zur\u00fcckziehen. Falls Daten weitergegeben wurden bezieht sich die L\u00f6schung auch auf die Empf\u00e4nger von Daten und wir werden Ihnen die Empf\u00e4nger Ihrer Daten mitteilen.<\/p><p>F\u00fcr Fragen und Beschwerden k\u00f6nnen Sie sich in jedem Fall an die zust\u00e4ndige Aufsichtsbeh\u00f6rde wenden (Landesbeauftragte f\u00fcr den Datenschutz NRW, https:\/\/ldi.nrw.de)<br \/>Ebenso k\u00f6nnen Sie den Datenschutzbeauftragten der RUB unter dsb@rub.de erreichen. Weitere Informationen finden Sie hier https:\/\/dsb.ruhr-uni-bochum.de\/<\/p><p><strong>Aufzeichnung von Daten<\/strong><\/p><p>Wir verwenden Google Analytics, um die Website-Nutzung zu analysieren. Die daraus gewonnenen Daten werden genutzt, um unsere Website sowie Werbema\u00dfnahmen zu optimieren.\u00a0<\/p><p>Google Analytics wird uns von\u00a0Google Ireland Limited (Gordon House, Barrow Street, Dublin 4, Irland) bereitgestellt. Google verarbeitet die Daten zur Website-Nutzung in unserem Auftrag und verpflichtet sich vertraglich zu Ma\u00dfnahmen, um die Sicherheit und Vertraulichkeit der verarbeiteten Daten zu gew\u00e4hrleisten.<\/p><p>W\u00e4hrend Ihres Website-Besuchs werden u.a. folgende Daten aufgezeichnet:<\/p><ul><li>Aufgerufene Seiten<\/li><li>Die Erreichung von &#8222;Website-Zielen&#8220;\u00a0(z.B. Kontaktanfragen und Newsletter-Anmeldungen)<\/li><li>Ihr Verhalten auf den Seiten\u00a0(beispielsweise Verweildauer, Klicks, Scrollverhalten)<\/li><li>Ihr ungef\u00e4hrer Standort (Land und Stadt)<\/li><li>Ihre IP-Adresse (in gek\u00fcrzter Form, sodass keine eindeutige Zuordnung m\u00f6glich ist)<\/li><li>Technische Informationen wie Browser, Internetanbieter, Endger\u00e4t und Bildschirmaufl\u00f6sung<\/li><li>Herkunftsquelle Ihres Besuchs (d.h. \u00fcber welche Website bzw. \u00fcber welches Werbemittel Sie zu uns gekommen sind)<\/li><\/ul><p>Es werden niemals pers\u00f6nliche Daten wie Name, Anschrift oder Kontaktdaten an Google Analytics \u00fcbertragen.<\/p><p>Diese Daten werden an Server von Google in den USA \u00fcbertragen. Wir weisen darauf hin, dass in den USA datenschutzrechtlich nicht das gleiche Schutzniveau wie innerhalb der EU garantiert werden kann.\u00a0<\/p><p>Google Analytics speichert Cookies in Ihrem Webbrowser f\u00fcr die Dauer von zwei\u00a0Jahren seit Ihrem letzten Besuch. Diese Cookies enthaltene eine zufallsgenerierte User-ID, mit der Sie bei zuk\u00fcnftigen Website-Besuchen wiedererkannt werden k\u00f6nnen.<\/p><p>Die aufgezeichneten Daten werden zusammen mit der zufallsgenerierten User-ID gespeichert, was die Auswertung pseudonymer Nutzerprofile erm\u00f6glicht.\u00a0Diese nutzerbezogenen Daten werden automatisch nach 14 Monaten gel\u00f6scht.\u00a0Sonstige Daten bleiben in aggregierter Form unbefristet gespeichert.<\/p><p>Sollten Sie mit der Erfassung nicht einverstanden sein, k\u00f6nnen Sie diese mit der einmaligen Installation des\u00a0<a href=\"https:\/\/tools.google.com\/dlpage\/gaoptout?hl=de\">Browser-Add-ons zur Deaktivierung von Google Analytics<\/a>\u00a0unterbinden\u00a0oder durch das Ablehnen der Cookies \u00fcber unseren Cookie-Einstellungs-Dialog.<\/p>\t\t\t\t\t\t\t\t<\/div>\n\t\t\t\t<\/div>\n\t\t\t\t\t<\/div>\n\t\t\t\t<\/div>\n\t\t\t\t<section class=\"elementor-section elementor-top-section elementor-element elementor-element-6c84f9c8 envato-kit-141-top-0 elementor-reverse-mobile elementor-section-boxed elementor-section-height-default elementor-section-height-default\" data-id=\"6c84f9c8\" data-element_type=\"section\" data-e-type=\"section\" data-settings=\"{&quot;background_background&quot;:&quot;classic&quot;}\">\n\t\t\t\t\t\t\t<div class=\"elementor-background-overlay\"><\/div>\n\t\t\t\t\t\t\t<div class=\"elementor-container elementor-column-gap-wider\">\n\t\t\t\t\t<div class=\"elementor-column elementor-col-25 elementor-top-column elementor-element elementor-element-126d0722 elementor-invisible\" data-id=\"126d0722\" data-element_type=\"column\" data-e-type=\"column\" data-settings=\"{&quot;animation&quot;:&quot;fadeIn&quot;,&quot;animation_delay&quot;:100}\">\n\t\t\t<div class=\"elementor-widget-wrap elementor-element-populated\">\n\t\t\t\t\t\t<div class=\"elementor-element elementor-element-1ca08d46 elementor-widget elementor-widget-heading\" data-id=\"1ca08d46\" data-element_type=\"widget\" data-e-type=\"widget\" data-widget_type=\"heading.default\">\n\t\t\t\t<div class=\"elementor-widget-container\">\n\t\t\t\t\t<h2 class=\"elementor-heading-title elementor-size-default\">Adresse<\/h2>\t\t\t\t<\/div>\n\t\t\t\t<\/div>\n\t\t\t\t<div class=\"elementor-element elementor-element-679865dc elementor-icon-list--layout-traditional elementor-list-item-link-full_width elementor-widget elementor-widget-icon-list\" data-id=\"679865dc\" data-element_type=\"widget\" data-e-type=\"widget\" data-widget_type=\"icon-list.default\">\n\t\t\t\t<div class=\"elementor-widget-container\">\n\t\t\t\t\t\t\t<ul class=\"elementor-icon-list-items\">\n\t\t\t\t\t\t\t<li class=\"elementor-icon-list-item\">\n\t\t\t\t\t\t\t\t\t\t\t<span class=\"elementor-icon-list-icon\">\n\t\t\t\t\t\t\t<svg aria-hidden=\"true\" class=\"e-font-icon-svg e-fas-map-marker-alt\" viewBox=\"0 0 384 512\" xmlns=\"http:\/\/www.w3.org\/2000\/svg\"><path d=\"M172.268 501.67C26.97 291.031 0 269.413 0 192 0 85.961 85.961 0 192 0s192 85.961 192 192c0 77.413-26.97 99.031-172.268 309.67-9.535 13.774-29.93 13.773-39.464 0zM192 272c44.183 0 80-35.817 80-80s-35.817-80-80-80-80 35.817-80 80 35.817 80 80 80z\"><\/path><\/svg>\t\t\t\t\t\t<\/span>\n\t\t\t\t\t\t\t\t\t\t<span class=\"elementor-icon-list-text\">Geographisches Institut der Ruhr-Universit\u00e4t Bochum, IA, Universit\u00e4tsstra\u00dfe 150, 44801 Bochum<\/span>\n\t\t\t\t\t\t\t\t\t<\/li>\n\t\t\t\t\t\t\t\t<li class=\"elementor-icon-list-item\">\n\t\t\t\t\t\t\t\t\t\t\t<a href=\"https:\/\/data2resilience.de\/?page_id=249\">\n\n\t\t\t\t\t\t\t\t\t\t\t\t<span class=\"elementor-icon-list-icon\">\n\t\t\t\t\t\t\t<svg aria-hidden=\"true\" class=\"e-font-icon-svg e-far-envelope\" viewBox=\"0 0 512 512\" xmlns=\"http:\/\/www.w3.org\/2000\/svg\"><path d=\"M464 64H48C21.49 64 0 85.49 0 112v288c0 26.51 21.49 48 48 48h416c26.51 0 48-21.49 48-48V112c0-26.51-21.49-48-48-48zm0 48v40.805c-22.422 18.259-58.168 46.651-134.587 106.49-16.841 13.247-50.201 45.072-73.413 44.701-23.208.375-56.579-31.459-73.413-44.701C106.18 199.465 70.425 171.067 48 152.805V112h416zM48 400V214.398c22.914 18.251 55.409 43.862 104.938 82.646 21.857 17.205 60.134 55.186 103.062 54.955 42.717.231 80.509-37.199 103.053-54.947 49.528-38.783 82.032-64.401 104.947-82.653V400H48z\"><\/path><\/svg>\t\t\t\t\t\t<\/span>\n\t\t\t\t\t\t\t\t\t\t<span class=\"elementor-icon-list-text\">Kontakt<\/span>\n\t\t\t\t\t\t\t\t\t\t\t<\/a>\n\t\t\t\t\t\t\t\t\t<\/li>\n\t\t\t\t\t\t<\/ul>\n\t\t\t\t\t\t<\/div>\n\t\t\t\t<\/div>\n\t\t\t\t\t<\/div>\n\t\t<\/div>\n\t\t\t\t<div class=\"elementor-column elementor-col-25 elementor-top-column elementor-element elementor-element-23bb3725 elementor-invisible\" data-id=\"23bb3725\" data-element_type=\"column\" data-e-type=\"column\" data-settings=\"{&quot;background_background&quot;:&quot;classic&quot;,&quot;animation&quot;:&quot;fadeIn&quot;,&quot;animation_delay&quot;:200}\">\n\t\t\t<div class=\"elementor-widget-wrap elementor-element-populated\">\n\t\t\t\t\t\t<div class=\"elementor-element elementor-element-3690c870 elementor-widget elementor-widget-heading\" data-id=\"3690c870\" data-element_type=\"widget\" data-e-type=\"widget\" data-widget_type=\"heading.default\">\n\t\t\t\t<div class=\"elementor-widget-container\">\n\t\t\t\t\t<h2 class=\"elementor-heading-title elementor-size-default\">Social Media<\/h2>\t\t\t\t<\/div>\n\t\t\t\t<\/div>\n\t\t\t\t<div class=\"elementor-element elementor-element-3334b5a6 elementor-icon-list--layout-traditional elementor-list-item-link-full_width elementor-widget elementor-widget-icon-list\" data-id=\"3334b5a6\" data-element_type=\"widget\" data-e-type=\"widget\" data-widget_type=\"icon-list.default\">\n\t\t\t\t<div class=\"elementor-widget-container\">\n\t\t\t\t\t\t\t<ul class=\"elementor-icon-list-items\">\n\t\t\t\t\t\t\t<li class=\"elementor-icon-list-item\">\n\t\t\t\t\t\t\t\t\t\t\t<a href=\"https:\/\/x.com\/RUBclim?s=20\">\n\n\t\t\t\t\t\t\t\t\t\t\t\t<span class=\"elementor-icon-list-icon\">\n\t\t\t\t\t\t\t<svg aria-hidden=\"true\" class=\"e-font-icon-svg e-fas-newspaper\" viewBox=\"0 0 576 512\" xmlns=\"http:\/\/www.w3.org\/2000\/svg\"><path d=\"M552 64H88c-13.255 0-24 10.745-24 24v8H24c-13.255 0-24 10.745-24 24v272c0 30.928 25.072 56 56 56h472c26.51 0 48-21.49 48-48V88c0-13.255-10.745-24-24-24zM56 400a8 8 0 0 1-8-8V144h16v248a8 8 0 0 1-8 8zm236-16H140c-6.627 0-12-5.373-12-12v-8c0-6.627 5.373-12 12-12h152c6.627 0 12 5.373 12 12v8c0 6.627-5.373 12-12 12zm208 0H348c-6.627 0-12-5.373-12-12v-8c0-6.627 5.373-12 12-12h152c6.627 0 12 5.373 12 12v8c0 6.627-5.373 12-12 12zm-208-96H140c-6.627 0-12-5.373-12-12v-8c0-6.627 5.373-12 12-12h152c6.627 0 12 5.373 12 12v8c0 6.627-5.373 12-12 12zm208 0H348c-6.627 0-12-5.373-12-12v-8c0-6.627 5.373-12 12-12h152c6.627 0 12 5.373 12 12v8c0 6.627-5.373 12-12 12zm0-96H140c-6.627 0-12-5.373-12-12v-40c0-6.627 5.373-12 12-12h360c6.627 0 12 5.373 12 12v40c0 6.627-5.373 12-12 12z\"><\/path><\/svg>\t\t\t\t\t\t<\/span>\n\t\t\t\t\t\t\t\t\t\t<span class=\"elementor-icon-list-text\">X-Kanal<\/span>\n\t\t\t\t\t\t\t\t\t\t\t<\/a>\n\t\t\t\t\t\t\t\t\t<\/li>\n\t\t\t\t\t\t<\/ul>\n\t\t\t\t\t\t<\/div>\n\t\t\t\t<\/div>\n\t\t\t\t\t<\/div>\n\t\t<\/div>\n\t\t\t\t<div class=\"elementor-column elementor-col-25 elementor-top-column elementor-element elementor-element-4bd80d67 elementor-invisible\" data-id=\"4bd80d67\" data-element_type=\"column\" data-e-type=\"column\" data-settings=\"{&quot;background_background&quot;:&quot;classic&quot;,&quot;animation&quot;:&quot;fadeIn&quot;,&quot;animation_delay&quot;:300}\">\n\t\t\t<div class=\"elementor-widget-wrap elementor-element-populated\">\n\t\t\t\t\t\t<div class=\"elementor-element elementor-element-a787ac0 elementor-widget elementor-widget-heading\" data-id=\"a787ac0\" data-element_type=\"widget\" data-e-type=\"widget\" data-widget_type=\"heading.default\">\n\t\t\t\t<div class=\"elementor-widget-container\">\n\t\t\t\t\t<h2 class=\"elementor-heading-title elementor-size-default\">REchtliches<\/h2>\t\t\t\t<\/div>\n\t\t\t\t<\/div>\n\t\t\t\t<div class=\"elementor-element elementor-element-5dd135f6 elementor-icon-list--layout-traditional elementor-list-item-link-full_width elementor-widget elementor-widget-icon-list\" data-id=\"5dd135f6\" data-element_type=\"widget\" data-e-type=\"widget\" data-widget_type=\"icon-list.default\">\n\t\t\t\t<div class=\"elementor-widget-container\">\n\t\t\t\t\t\t\t<ul class=\"elementor-icon-list-items\">\n\t\t\t\t\t\t\t<li class=\"elementor-icon-list-item\">\n\t\t\t\t\t\t\t\t\t\t\t<a href=\"https:\/\/data2resilience.de\/?page_id=711\">\n\n\t\t\t\t\t\t\t\t\t\t\t<span class=\"elementor-icon-list-text\">Cookie-Richtlinie (EU)<\/span>\n\t\t\t\t\t\t\t\t\t\t\t<\/a>\n\t\t\t\t\t\t\t\t\t<\/li>\n\t\t\t\t\t\t\t\t<li class=\"elementor-icon-list-item\">\n\t\t\t\t\t\t\t\t\t\t\t<a href=\"https:\/\/data2resilience.de\/?page_id=700\">\n\n\t\t\t\t\t\t\t\t\t\t\t<span class=\"elementor-icon-list-text\">Datenschutzerkl\u00e4rung<\/span>\n\t\t\t\t\t\t\t\t\t\t\t<\/a>\n\t\t\t\t\t\t\t\t\t<\/li>\n\t\t\t\t\t\t\t\t<li class=\"elementor-icon-list-item\">\n\t\t\t\t\t\t\t\t\t\t\t<a href=\"https:\/\/data2resilience.de\/?page_id=706\">\n\n\t\t\t\t\t\t\t\t\t\t\t<span class=\"elementor-icon-list-text\">Impressum<\/span>\n\t\t\t\t\t\t\t\t\t\t\t<\/a>\n\t\t\t\t\t\t\t\t\t<\/li>\n\t\t\t\t\t\t<\/ul>\n\t\t\t\t\t\t<\/div>\n\t\t\t\t<\/div>\n\t\t\t\t\t<\/div>\n\t\t<\/div>\n\t\t\t\t<div class=\"elementor-column elementor-col-25 elementor-top-column elementor-element elementor-element-7d81fd77 elementor-invisible\" data-id=\"7d81fd77\" data-element_type=\"column\" data-e-type=\"column\" data-settings=\"{&quot;background_background&quot;:&quot;classic&quot;,&quot;animation&quot;:&quot;pulse&quot;,&quot;animation_delay&quot;:400}\">\n\t\t\t<div class=\"elementor-widget-wrap elementor-element-populated\">\n\t\t\t\t\t\t<div class=\"elementor-element elementor-element-4f14fcf elementor-widget elementor-widget-heading\" data-id=\"4f14fcf\" data-element_type=\"widget\" data-e-type=\"widget\" data-widget_type=\"heading.default\">\n\t\t\t\t<div class=\"elementor-widget-container\">\n\t\t\t\t\t<h2 class=\"elementor-heading-title elementor-size-default\">Data2Resilience<\/h2>\t\t\t\t<\/div>\n\t\t\t\t<\/div>\n\t\t\t\t<div class=\"elementor-element elementor-element-36220550 elementor-invisible elementor-widget elementor-widget-text-editor\" data-id=\"36220550\" data-element_type=\"widget\" data-e-type=\"widget\" data-settings=\"{&quot;_animation&quot;:&quot;fadeIn&quot;,&quot;_animation_delay&quot;:250}\" data-widget_type=\"text-editor.default\">\n\t\t\t\t<div class=\"elementor-widget-container\">\n\t\t\t\t\t\t\t\t\t<p>Data2Resilience ist ein Forschungsprojekt der Ruhr-Universit\u00e4t Bochum und Leibniz Universit\u00e4t Hannover. Gef\u00f6rdert wird das Projekt durch den ICLEI Action Fund 2.0 und Google.org.<\/p>\t\t\t\t\t\t\t\t<\/div>\n\t\t\t\t<\/div>\n\t\t\t\t\t<\/div>\n\t\t<\/div>\n\t\t\t\t\t<\/div>\n\t\t<\/section>\n\t\t\t\t<\/div>\n\t\t","protected":false},"excerpt":{"rendered":"<p>Data2resilience Datenschutzerkl\u00e4rung Im Folgenden informieren wir \u00fcber die Verarbeitung personenbezogener Daten bei Nutzung der Webseite www.data2resilience.de. Personenbezogene Daten sind alle Daten, die auf Sie pers\u00f6nlich bezogen werden k\u00f6nnen. Auf anderen Seiten der Ruhr-Universit\u00e4t Bochum k\u00f6nnen andere Bedingungen gelten. Der Verantwortliche im Sinne der Datenschutz-Grundverordnung und dem Landesdatenschutzgesetz NRW ist die Ruhr-Universit\u00e4t Bochum, Universit\u00e4tsstr. 150, 44780 [&hellip;]<\/p>\n","protected":false},"author":3,"featured_media":0,"parent":0,"menu_order":0,"comment_status":"closed","ping_status":"closed","template":"elementor_header_footer","meta":{"ocean_post_layout":"full-screen","ocean_both_sidebars_style":"","ocean_both_sidebars_content_width":0,"ocean_both_sidebars_sidebars_width":0,"ocean_sidebar":"","ocean_second_sidebar":"","ocean_disable_margins":"enable","ocean_add_body_class":"","ocean_shortcode_before_top_bar":"","ocean_shortcode_after_top_bar":"","ocean_shortcode_before_header":"","ocean_shortcode_after_header":"","ocean_has_shortcode":"","ocean_shortcode_after_title":"","ocean_shortcode_before_footer_widgets":"","ocean_shortcode_after_footer_widgets":"","ocean_shortcode_before_footer_bottom":"","ocean_shortcode_after_footer_bottom":"","ocean_display_top_bar":"off","ocean_display_header":"default","ocean_header_style":"","ocean_center_header_left_menu":"","ocean_custom_header_template":"","ocean_custom_logo":0,"ocean_custom_retina_logo":0,"ocean_custom_logo_max_width":0,"ocean_custom_logo_tablet_max_width":0,"ocean_custom_logo_mobile_max_width":0,"ocean_custom_logo_max_height":0,"ocean_custom_logo_tablet_max_height":0,"ocean_custom_logo_mobile_max_height":0,"ocean_header_custom_menu":"","ocean_menu_typo_font_family":"","ocean_menu_typo_font_subset":"","ocean_menu_typo_font_size":0,"ocean_menu_typo_font_size_tablet":0,"ocean_menu_typo_font_size_mobile":0,"ocean_menu_typo_font_size_unit":"px","ocean_menu_typo_font_weight":"","ocean_menu_typo_font_weight_tablet":"","ocean_menu_typo_font_weight_mobile":"","ocean_menu_typo_transform":"","ocean_menu_typo_transform_tablet":"","ocean_menu_typo_transform_mobile":"","ocean_menu_typo_line_height":0,"ocean_menu_typo_line_height_tablet":0,"ocean_menu_typo_line_height_mobile":0,"ocean_menu_typo_line_height_unit":"","ocean_menu_typo_spacing":0,"ocean_menu_typo_spacing_tablet":0,"ocean_menu_typo_spacing_mobile":0,"ocean_menu_typo_spacing_unit":"","ocean_menu_link_color":"","ocean_menu_link_color_hover":"","ocean_menu_link_color_active":"","ocean_menu_link_background":"","ocean_menu_link_hover_background":"","ocean_menu_link_active_background":"","ocean_menu_social_links_bg":"","ocean_menu_social_hover_links_bg":"","ocean_menu_social_links_color":"","ocean_menu_social_hover_links_color":"","ocean_disable_title":"on","ocean_disable_heading":"default","ocean_post_title":"","ocean_post_subheading":"","ocean_post_title_style":"","ocean_post_title_background_color":"","ocean_post_title_background":0,"ocean_post_title_bg_image_position":"","ocean_post_title_bg_image_attachment":"","ocean_post_title_bg_image_repeat":"","ocean_post_title_bg_image_size":"","ocean_post_title_height":0,"ocean_post_title_bg_overlay":0.5,"ocean_post_title_bg_overlay_color":"","ocean_disable_breadcrumbs":"default","ocean_breadcrumbs_color":"","ocean_breadcrumbs_separator_color":"","ocean_breadcrumbs_links_color":"","ocean_breadcrumbs_links_hover_color":"","ocean_display_footer_widgets":"off","ocean_display_footer_bottom":"off","ocean_custom_footer_template":"","footnotes":""},"class_list":["post-700","page","type-page","status-publish","hentry","entry"],"_links":{"self":[{"href":"https:\/\/data2resilience.de\/index.php?rest_route=\/wp\/v2\/pages\/700","targetHints":{"allow":["GET"]}}],"collection":[{"href":"https:\/\/data2resilience.de\/index.php?rest_route=\/wp\/v2\/pages"}],"about":[{"href":"https:\/\/data2resilience.de\/index.php?rest_route=\/wp\/v2\/types\/page"}],"author":[{"embeddable":true,"href":"https:\/\/data2resilience.de\/index.php?rest_route=\/wp\/v2\/users\/3"}],"replies":[{"embeddable":true,"href":"https:\/\/data2resilience.de\/index.php?rest_route=%2Fwp%2Fv2%2Fcomments&post=700"}],"version-history":[{"count":35,"href":"https:\/\/data2resilience.de\/index.php?rest_route=\/wp\/v2\/pages\/700\/revisions"}],"predecessor-version":[{"id":1475,"href":"https:\/\/data2resilience.de\/index.php?rest_route=\/wp\/v2\/pages\/700\/revisions\/1475"}],"wp:attachment":[{"href":"https:\/\/data2resilience.de\/index.php?rest_route=%2Fwp%2Fv2%2Fmedia&parent=700"}],"curies":[{"name":"wp","href":"https:\/\/api.w.org\/{rel}","templated":true}]}}